{"id":141,"date":"2023-11-01T17:59:15","date_gmt":"2023-11-01T17:59:15","guid":{"rendered":"https:\/\/maquisardsdupassage.fr\/?page_id=141"},"modified":"2023-11-01T17:59:15","modified_gmt":"2023-11-01T17:59:15","slug":"objet-de-lassociation","status":"publish","type":"page","link":"https:\/\/maquisardsdupassage.fr\/index.php\/objet-de-lassociation\/","title":{"rendered":"Objet de l&rsquo;Association"},"content":{"rendered":"<p>Notre association a pour objet de d\u00e9fendre du Maquis de Montmartre (partie situ\u00e9e entre le 63-67 rue Lepic et le 23 avenue Junot), de s&rsquo;opposer aux atteintes faites au d\u00e9cret de classement du 27 novembre 1991, de pr\u00e9server son histoire et de la m\u00e9moire du lieu . Elle pourra utiliser tous moyens l\u00e9gaux pour y parvenir. Elle pourra organiser tous \u00e9v\u00e9nements et vente de produits ou services visant \u00e0 son financement.<\/p>\n","protected":false},"excerpt":{"rendered":"<p>Notre association a pour objet de d\u00e9fendre du Maquis de Montmartre (partie situ\u00e9e entre le 63-67 rue Lepic et le 23 avenue Junot), de s&rsquo;opposer aux atteintes faites au d\u00e9cret de classement du 27 novembre 1991, de pr\u00e9server son histoire et de la m\u00e9moire du lieu . Elle pourra utiliser tous moyens l\u00e9gaux pour y [&hellip;]<\/p>\n","protected":false},"author":1,"featured_media":0,"parent":0,"menu_order":0,"comment_status":"closed","ping_status":"closed","template":"","meta":{"footnotes":""},"class_list":["post-141","page","type-page","status-publish","hentry"],"_links":{"self":[{"href":"https:\/\/maquisardsdupassage.fr\/index.php\/wp-json\/wp\/v2\/pages\/141","targetHints":{"allow":["GET"]}}],"collection":[{"href":"https:\/\/maquisardsdupassage.fr\/index.php\/wp-json\/wp\/v2\/pages"}],"about":[{"href":"https:\/\/maquisardsdupassage.fr\/index.php\/wp-json\/wp\/v2\/types\/page"}],"author":[{"embeddable":true,"href":"https:\/\/maquisardsdupassage.fr\/index.php\/wp-json\/wp\/v2\/users\/1"}],"replies":[{"embeddable":true,"href":"https:\/\/maquisardsdupassage.fr\/index.php\/wp-json\/wp\/v2\/comments?post=141"}],"version-history":[{"count":1,"href":"https:\/\/maquisardsdupassage.fr\/index.php\/wp-json\/wp\/v2\/pages\/141\/revisions"}],"predecessor-version":[{"id":142,"href":"https:\/\/maquisardsdupassage.fr\/index.php\/wp-json\/wp\/v2\/pages\/141\/revisions\/142"}],"wp:attachment":[{"href":"https:\/\/maquisardsdupassage.fr\/index.php\/wp-json\/wp\/v2\/media?parent=141"}],"curies":[{"name":"wp","href":"https:\/\/api.w.org\/{rel}","templated":true}]}}