{"id":3,"date":"2023-06-30T04:58:14","date_gmt":"2023-06-30T04:58:14","guid":{"rendered":"https:\/\/maquisardsdupassage.fr\/?page_id=3"},"modified":"2023-08-02T10:23:20","modified_gmt":"2023-08-02T10:23:20","slug":"privacy-policy","status":"publish","type":"page","link":"https:\/\/maquisardsdupassage.fr\/index.php\/privacy-policy\/","title":{"rendered":"Mentions l\u00e9gales"},"content":{"rendered":"\n<p>Le site <a rel=\"noreferrer noopener\" href=\"http:\/\/www.maquisardsdupassage.fr\" data-type=\"URL\" data-id=\"http:\/\/www.maquisardsdupassage.fr\" target=\"_blank\">www.maquisardsdupassage.fr<\/a> propose des ressources li\u00e9es \u00e0 son objet: D\u00e9fendre le maquis du Passage Junot-Lepic \u00e0 Montmartre 75018 Paris .<\/p>\n\n\n\n<h2 class=\"wp-block-heading\" id=\"Informations-editoriales\">Informations \u00e9ditoriales<a href=\"https:\/\/www.associations.gouv.fr\/mentions-legales.html#top\"><\/a><\/h2>\n\n\n\n<p><strong>\u00c9diteur<\/strong><br><\/p>\n\n\n\n<p>Les Maquisard.e.s du Passage Junot-Lepic:<br>Association de Protection du Maquis Junot-Lepic \u00e0 Montmartre Paris 18<\/p>\n\n\n\n<p>Le si\u00e8ge social chez Mr. J\u00e9rome Wangrevelain , 51 rue Duhesme 75018 Paris<\/p>\n\n\n\n<p><strong>Direction de publication<\/strong><br>Mr. J\u00e9rome Wangrevelain<\/p>\n\n\n\n<h2 class=\"wp-block-heading\" id=\"Protection-et-traitement-de-donnees-a-caractere-personnel\">Protection et traitement de donn\u00e9es \u00e0 caract\u00e8re personnel<a href=\"https:\/\/www.associations.gouv.fr\/mentions-legales.html#top\"><\/a><\/h2>\n\n\n\n<p><strong>Respect des lois en vigueur<\/strong><br>Le site <a rel=\"noreferrer noopener\" href=\"http:\/\/www.maquisardsdupassage.fr\" data-type=\"URL\" data-id=\"http:\/\/www.maquisardsdupassage.fr\" target=\"_blank\">www.maquisardsdupassage.fr<\/a> respecte la vie priv\u00e9e de l\u2019internaute et se conforme strictement aux lois en vigueur sur la protection de la vie priv\u00e9e et des libert\u00e9s individuelles. Aucune information personnelle n\u2019est collect\u00e9e \u00e0 votre insu. Aucune information personnelle n\u2019est c\u00e9d\u00e9e \u00e0 des tiers. Les courriels, les adresses \u00e9lectroniques ou autres informations nominatives dont ce site est destinataire ne font l\u2019objet d\u2019aucune exploitation et ne sont conserv\u00e9s que pour la dur\u00e9e n\u00e9cessaire \u00e0 leur traitement.<\/p>\n\n\n\n<p><strong>Droit des internautes&nbsp;: droit d\u2019acc\u00e8s et de rectification<\/strong><br>L&rsquo;association s\u2019engage \u00e0 ce que la collecte et le traitement de vos donn\u00e9es, effectu\u00e9s \u00e0 partir du site soient conformes au r\u00e8glement g\u00e9n\u00e9ral sur la protection des donn\u00e9es (RGPD) et \u00e0 la loi Informatique et Libert\u00e9s.<\/p>\n\n\n\n<p>Pour toute information ou exercice de vos droits Informatique et Libert\u00e9s sur les traitements de donn\u00e9es personnelles, vous pouvez contacter par courriel  contact@maquisardsdupassage.fr ou par courrier \u00e0 l\u2019adresse suivante&nbsp;:<\/p>\n\n\n\n<p>Association de Protection du Maquis Junot-Lepic \u00e0 Montmartre Paris 18<\/p>\n\n\n\n<p>C\/O Mr. J\u00e9rome Wangrevelain , 51 rue Duhesme 75018 Paris<\/p>\n\n\n<p>La politique du site <a rel=\"noreferrer noopener\" href=\"http:\/\/www.associations.gouv.fr\" target=\"_blank\"><\/a><a rel=\"noreferrer noopener\" href=\"http:\/\/www.maquisardsdupassage.fr\" data-type=\"URL\" data-id=\"http:\/\/www.maquisardsdupassage.fr\" target=\"_blank\">www.maquisardsdupassage.fr<\/a> est en conformit\u00e9 avec la loi n\u00b02004-575 du 21 juin 2004 pour la confiance dans l\u2019\u00e9conomie num\u00e9rique.<\/p>\n<p><strong>Cookies<\/strong><br>Le site <a rel=\"noreferrer noopener\" href=\"http:\/\/www.maquisardsdupassage.fr\" data-type=\"URL\" data-id=\"http:\/\/www.maquisardsdupassage.fr\" target=\"_blank\">www.maquisardsdupassage.fr<\/a> n&rsquo;utilise pas de cookies<\/p>\n\n\n<p><\/p>\n\n\n\n<h2 class=\"wp-block-heading\" id=\"Informations-Prestataires\">Informations Prestataires<a href=\"https:\/\/www.associations.gouv.fr\/mentions-legales.html#top\"><\/a><\/h2>\n\n\n\n<p>L\u2019h\u00e9bergement est assur\u00e9 par la soci\u00e9t\u00e9 OVH.<br>Le d\u00e9veloppement est assur\u00e9 par des b\u00e9n\u00e9voles.<br><\/p>\n\n\n\n<h2 class=\"wp-block-heading\" id=\"Droits-d-auteur-et-droits-de-reproduction\">Droits d\u2019auteur et droits de reproduction<a href=\"https:\/\/www.associations.gouv.fr\/mentions-legales.html#top\"><\/a><\/h2>\n\n\n\n<p><strong>Droits de reproduction des documents publics ou officiels<\/strong><br>Depuis la publication de l\u2019ordonnance n\u00b0\u00a02005-650 du 6 juin 2005 relative \u00e0 la libert\u00e9 d\u2019acc\u00e8s aux documents administratifs et \u00e0 la r\u00e9utilisation des informations publiques, ces informations peuvent \u00eatre r\u00e9utilis\u00e9es \u00e0 d\u2019autres fins que celles pour lesquelles elles ont \u00e9t\u00e9 produites, et particuli\u00e8rement les informations faisant l\u2019objet d\u2019une diffusion publique. Les documents publics ou officiels ne sont couverts par aucun droit d\u2019auteur et peuvent donc \u00eatre reproduits librement. Le graphisme, l\u2019iconographie ainsi que le contenu \u00e9ditorial demeurent la propri\u00e9t\u00e9 de l\u2019Association, et, \u00e0 ce titre, font l\u2019objet des protections pr\u00e9vues par le Code de la propri\u00e9t\u00e9 intellectuelle. Si la reprise de ces contenus de fa\u00e7on partielle ou int\u00e9grale est autoris\u00e9e, elle doit \u00eatre obligatoirement assortie de la mention du nom de l\u2019auteur, de la source, et \u00e9ventuellement d\u2019un lien renvoyant vers le document original en ligne sur le site. La mention \u00ab\u00a0\u00a9<a rel=\"noreferrer noopener\" href=\"http:\/\/www.associations.gouv.fr\" target=\"_blank\"><a rel=\"noreferrer noopener\" href=\"http:\/\/www.maquisardsdupassage.fr\" data-type=\"URL\" data-id=\"http:\/\/www.maquisardsdupassage.fr\" target=\"_blank\">www.maquisardsdupassage.fr<\/a><\/a> \u00a0\u00bb devra donc \u00eatre indiqu\u00e9e. Tous les autres contenus pr\u00e9sents sur le site sont couverts par le droit d\u2019auteur. Toute reprise est d\u00e8s lors conditionn\u00e9e \u00e0 l\u2019accord de l\u2019auteur en vertu de l\u2019article L.122-4 du Code de la propri\u00e9t\u00e9 Intellectuelle. Les informations utilis\u00e9es ne doivent l\u2019\u00eatre qu\u2019\u00e0 des fins personnelles, associatives ou professionnelles\u00a0; toute diffusion ou utilisation \u00e0 des fins commerciales ou publicitaires \u00e9tant interdites.<\/p>\n\n\n\n<p><strong>Demande d\u2019autorisation de reproduction des contenus<\/strong><br>Toute copie partielle ou int\u00e9grale sur support papier ou sous forme \u00e9lectronique de pages du site doit faire l\u2019objet d\u2019une d\u00e9claration aupr\u00e8s du webmaster.<br>Les demandes d\u2019autorisation de reproduction d\u2019un contenu doivent \u00eatre adress\u00e9es par email \u00e0 l&rsquo;adresse contact@maquisardsdupassage.fr .<\/p>\n\n\n\n<p><\/p>\n\n\n\n<h2 class=\"wp-block-heading\" id=\"Environnement-technique\">Environnement technique<a href=\"https:\/\/www.associations.gouv.fr\/mentions-legales.html#top\"><\/a><\/h2>\n\n\n\n<p>Ce site est optimis\u00e9 pour un affichage en 1024&#215;768. Il est pr\u00e9vu pour les principaux navigateurs Microsoft Internet Explorer 9 (et au-dessus), Google Chrome et Mozilla Firefox.<\/p>\n\n\n\n<p>Le site contient des fichiers au format P.D.F. (portable document format) permettant de consulter et d\u2019imprimer un fichier sur tout type de mat\u00e9riel, plate-forme et \u00e9quipement divers. Pour lire ce format, il faut disposer du <a href=\"http:\/\/www.adobe.fr\/products\/acrobat\/readstep2.html\" rel=\"noreferrer noopener\" target=\"_blank\">logiciel gratuit Adobe\u00ae Reader\u00ae<\/a>.<\/p>\n","protected":false},"excerpt":{"rendered":"<p>Le site www.maquisardsdupassage.fr propose des ressources li\u00e9es \u00e0 son objet: D\u00e9fendre le maquis du Passage Junot-Lepic \u00e0 Montmartre 75018 Paris . Informations \u00e9ditoriales \u00c9diteur Les Maquisard.e.s du Passage Junot-Lepic:Association de Protection du Maquis Junot-Lepic \u00e0 Montmartre Paris 18 Le si\u00e8ge social chez Mr. J\u00e9rome Wangrevelain , 51 rue Duhesme 75018 Paris Direction de publicationMr. J\u00e9rome [&hellip;]<\/p>\n","protected":false},"author":1,"featured_media":0,"parent":0,"menu_order":0,"comment_status":"closed","ping_status":"open","template":"","meta":{"footnotes":""},"class_list":["post-3","page","type-page","status-publish","hentry"],"_links":{"self":[{"href":"https:\/\/maquisardsdupassage.fr\/index.php\/wp-json\/wp\/v2\/pages\/3","targetHints":{"allow":["GET"]}}],"collection":[{"href":"https:\/\/maquisardsdupassage.fr\/index.php\/wp-json\/wp\/v2\/pages"}],"about":[{"href":"https:\/\/maquisardsdupassage.fr\/index.php\/wp-json\/wp\/v2\/types\/page"}],"author":[{"embeddable":true,"href":"https:\/\/maquisardsdupassage.fr\/index.php\/wp-json\/wp\/v2\/users\/1"}],"replies":[{"embeddable":true,"href":"https:\/\/maquisardsdupassage.fr\/index.php\/wp-json\/wp\/v2\/comments?post=3"}],"version-history":[{"count":4,"href":"https:\/\/maquisardsdupassage.fr\/index.php\/wp-json\/wp\/v2\/pages\/3\/revisions"}],"predecessor-version":[{"id":67,"href":"https:\/\/maquisardsdupassage.fr\/index.php\/wp-json\/wp\/v2\/pages\/3\/revisions\/67"}],"wp:attachment":[{"href":"https:\/\/maquisardsdupassage.fr\/index.php\/wp-json\/wp\/v2\/media?parent=3"}],"curies":[{"name":"wp","href":"https:\/\/api.w.org\/{rel}","templated":true}]}}